{"id":1647,"date":"2022-09-05T08:31:47","date_gmt":"2022-09-05T08:31:47","guid":{"rendered":"http:\/\/lescorsairesdelarade.com\/?page_id=1647"},"modified":"2025-07-27T14:46:33","modified_gmt":"2025-07-27T14:46:33","slug":"charte","status":"publish","type":"page","link":"https:\/\/lescorsairesdelarade.com\/?page_id=1647","title":{"rendered":"Charte"},"content":{"rendered":"\n<h2 class=\"wp-block-heading has-text-align-center has-white-color has-black-background-color has-text-color has-background\" style=\"font-size:33px;font-style:normal;font-weight:800\">CHARTE D\u2019E\u0301THIQUE ET DE CONVIVIALITE\u0301<br>DES CLUBS OFFICIELS DE SUPPORTERS<br>DU RUGBY CLUB TOULONNAIS<\/h2>\n\n\n<div class=\"wp-block-image\">\n<figure class=\"aligncenter size-large is-resized\"><img loading=\"lazy\" decoding=\"async\" width=\"723\" height=\"1024\" src=\"https:\/\/lescorsairesdelarade.com\/wp-content\/uploads\/2022\/09\/Depuis-2021-1-723x1024.png\" alt=\"\" class=\"wp-image-1672\" style=\"width:305px;height:432px\" srcset=\"https:\/\/lescorsairesdelarade.com\/wp-content\/uploads\/2022\/09\/Depuis-2021-1-723x1024.png 723w, https:\/\/lescorsairesdelarade.com\/wp-content\/uploads\/2022\/09\/Depuis-2021-1-600x850.png 600w, https:\/\/lescorsairesdelarade.com\/wp-content\/uploads\/2022\/09\/Depuis-2021-1-212x300.png 212w, https:\/\/lescorsairesdelarade.com\/wp-content\/uploads\/2022\/09\/Depuis-2021-1-768x1088.png 768w, https:\/\/lescorsairesdelarade.com\/wp-content\/uploads\/2022\/09\/Depuis-2021-1-1084x1536.png 1084w, https:\/\/lescorsairesdelarade.com\/wp-content\/uploads\/2022\/09\/Depuis-2021-1-1445x2048.png 1445w, https:\/\/lescorsairesdelarade.com\/wp-content\/uploads\/2022\/09\/Depuis-2021-1.png 1688w\" sizes=\"auto, (max-width: 723px) 100vw, 723px\" \/><\/figure>\n<\/div>\n\n\n<p><\/p>\n\n\n\n<p class=\"has-text-align-center has-white-color has-text-color has-link-color has-medium-font-size wp-elements-271952ce2fadab59e2d91a91adf1e989\" style=\"font-style:normal;font-weight:800\">SAISON 2025-2026<\/p>\n\n\n\n<p class=\"has-text-align-center has-white-color has-text-color\"><strong><span style=\"text-decoration: underline;\">PRE\u0301AMBULE :<\/span><\/strong><\/p>\n\n\n\n<p class=\"has-text-align-center has-white-color has-text-color\"><br>Notre sport v\u00e9hicule depuis toujours des valeurs fortes qui lui sont propres. Certaines d&rsquo;entre elles sont inh\u00e9rentes a\u0300 la sp\u00e9cificit\u00e9\u0301 de la pratique de notre sport qui implique un go\u00fbt du sacrifice, des vertus collectives et le respect de r\u00e8gles complexes. D&rsquo;autres se sont d\u00e9velopp\u00e9es au cours des d\u00e9cennies gr\u00e2ce aux hommes qui ont contribu\u00e9\u0301 a\u0300 v\u00e9hiculer l\u2019image du rugby. Parmi celles-ci, un respect important de l&rsquo;arbitre, un respect envers les joueurs quelle que soit l&rsquo;intensit\u00e9\u0301 du combat sur le terrain, une convivialit\u00e9\u0301 entre dirigeants ainsi qu\u2019entre spectateurs, le tout cr\u00e9ant un esprit de famille. Nous devons \u00e9galement citer un public chaleureux, souvent partisan mais jamais agressif et qui permet de venir assister a\u0300 notre sport en famille, l&rsquo;esprit tranquille et sans crainte de d\u00e9bordements. Toutes ces valeurs et ces caract\u00e9ristiques conf\u00e8rent au rugby une dimension a\u0300 part. Elles donnent a\u0300 notre sport une image sympathique aupr\u00e8s des m\u00e9dias, du grand public et aupr\u00e8s des d\u00e9cideurs \u00e9conomiques. Nous devons en prendre conscience et agir pour qu&rsquo;il soit pr\u00e9serv\u00e9\u0301 des d\u00e9rives possibles, notamment pour que les sponsors et m\u00e9c\u00e8nes continuent a\u0300 \u00eatre attir\u00e9s par notre sport, mais aussi pour que le public continue a\u0300 venir l&rsquo;esprit tranquille et toujours plus nombreux \u00e0 assister a\u0300 nos matchs.<br>Pour toutes ces raisons, le RCT a souhait\u00e9\u0301 proposer aux clubs de supporters du RCT d&rsquo;adh\u00e9rer a\u0300 une charte d\u2019\u00e9thique et de convivialit\u00e9\u0301, destin\u00e9e a\u0300 maintenir la fraternit\u00e9\u0301 dans les relations entre le RCT et les clubs de supporters et l\u2019esprit festif autour des matchs.<\/p>\n\n\n\n<p class=\"has-text-align-center has-white-color has-text-color\"><br><strong><span style=\"text-decoration: underline;\">LE SUPPORTER :<\/span><\/strong><\/p>\n\n\n\n<p class=\"has-text-align-center has-white-color has-text-color\"><br><strong>Article 1 :<\/strong> La pr\u00e9sente charte s\u2019adresse a\u0300 tous les supporters adh\u00e9rents d\u2019une association ou d\u2019un groupement reconnu par le Rugby Club Toulonnais. Elle se veut v\u00e9hiculer une \u00e9thique repr\u00e9sentative des valeurs du club, a\u0300 savoir le fair-play, la dignit\u00e9\u0301 et le respect de l\u2019autre.<\/p>\n\n\n\n<p class=\"has-text-align-center has-white-color has-text-color\"><br><strong>Article 2 :<\/strong> Le supporter s\u2019engage a\u0300 respecter les r\u00e8gles suivantes a\u0300 l\u2019int\u00e9rieur comme a\u0300 l\u2019ext\u00e9rieur des enceintes sportives, partout en France comme a\u0300 domicile. De surcro\u00eet le supporter aura un comportement exempt de tout reproche lors des d\u00e9placements. Il doit se conformer a\u0300 l\u2019esprit du rugby et faire de chaque rencontre sportive un moment privil\u00e9gi\u00e9\u0301, une sorte de f\u00eate, quelle que soit l\u2019importance de l\u2019enjeu.<\/p>\n\n\n\n<p class=\"has-text-align-center has-white-color has-text-color\"><br><strong>Article 3 :<\/strong> Le supporter est conscient que son attitude engage, outre son \u00e9ventuelle responsabilit\u00e9\u0301 personnelle, l\u2019image du RCT, de la ville de Toulon et du d\u00e9partement du Var et qu\u2019a\u0300 ce titre tout \u00e9cart de conduite est forc\u00e9ment nuisible pour tous. Le supporter reste ainsi digne dans la victoire comme dans la d\u00e9faite, conscient par ailleurs de l\u2019influence de son comportement sur le public.<br>Il s\u2019engage a\u0300 ne promouvoir que des valeurs fraternelles d\u2019amiti\u00e9\u0301, de loyaut\u00e9\u0301 et de respect. Il se comporte en v\u00e9ritable ambassadeur du rugby en aidant a\u0300 faire respecter autour de lui les principes pos\u00e9s par cette charte.<\/p>\n\n\n\n<p class=\"has-text-align-center has-white-color has-text-color\"><strong>Article 4 :<\/strong> Le supporter s\u2019engage a\u0300 ne participer a\u0300 aucune forme de discrimination ainsi qu\u2018a\u0300 aucune incitation a\u0300 la haine ou a\u0300 la violence a\u0300 l\u2019\u00e9gard d\u2019un arbitre, d\u2019un juge sportif, d\u2019un joueur d\u2019un supporter ou de toute autre personne ou groupe de personnes.<\/p>\n\n\n\n<p class=\"has-text-align-center has-white-color has-text-color\"><br><strong>Article 5 :<\/strong> Le supporter s\u2019engage a\u0300 afficher une attitude responsable et biens\u00e9ante en toute circonstance. De ce fait, l\u2019introduction de boissons alcooliques et l\u2019ivresse dans les stades sont strictement r\u00e9prim\u00e9es. La consommation d\u2019alcool est cependant possible mais soumise au seul contr\u00f4le des dirigeants du club.<\/p>\n\n\n\n<p class=\"has-text-align-center has-white-color has-text-color\"><br><strong>Article 6 :<\/strong> L\u2019introduction de fus\u00e9es ou engins pyrotechniques dans l\u2019enceinte sportive est interdite. L\u2019utilisation de tels artifices, de la m\u00eame fa\u00e7on que le jet de projectiles dangereux et le fait de p\u00e9n\u00e9trer sur l\u2019aire de comp\u00e9tition sont des infractions p\u00e9nales caract\u00e9ris\u00e9es.<\/p>\n\n\n\n<p class=\"has-text-align-center has-white-color has-text-color\"><br><strong>Article 7 :<\/strong> Pour rappel, l\u2019article L. 332-11 du Code du Sport dispose que les personnes coupables de l\u2019une des infractions pr\u00e9c\u00e9demment d\u00e9finies encourent \u00e9galement la peine compl\u00e9mentaire d\u2019interdiction de p\u00e9n\u00e9trer ou de se rendre aux abords d\u2019une enceinte ou\u0300 se d\u00e9roule une manifestation sportive.<br>Le supporter doit prendre conscience que toute attitude ne respectant pas ces r\u00e8gles peut engendrer des sanctions pour le RCT (pertes de points, matchs a\u0300 huis clos\u2026). De m\u00eame, en transgressant la pr\u00e9sente charte, le supporter est susceptible d\u2019\u00eatre exclu de son groupe de supporters. Les clubs de supporters ne respectant pas ses r\u00e8gles seront susceptibles de faire l\u2019objet d\u2019une dissolution.<\/p>\n\n\n\n<p class=\"has-text-align-center has-white-color has-text-color\"><strong><span style=\"text-decoration: underline;\">LES ASSOCIATIONS DE SUPPORTERS :<\/span><\/strong><\/p>\n\n\n\n<p class=\"has-text-align-center has-white-color has-text-color\"><br><strong>Article 8 :<\/strong><\/p>\n\n\n\n<p class=\"has-text-align-center has-white-color has-text-color\"><br>\u2022 Afin de pouvoir pr\u00e9tendre au titre d\u2019Association Officielle de Supporters du RCT, celle-ci devra \u00eatre constitu\u00e9e d\u2019au moins <strong>75 adh\u00e9rents abonn\u00e8s au RCT<\/strong> et \u00eatre en mesure de pr\u00e9senter un <strong>projet associatif b\u00e9n\u00e9fique aux supporters du club.<\/strong> Pour les clubs de supporters constitu\u00e9s apr\u00e8s le 01\/07\/2006, la d\u00e9claration en pr\u00e9fecture devra \u00eatre fournie par l\u2019association aux dirigeants du RCT.<\/p>\n\n\n\n<p class=\"has-text-align-center has-white-color has-text-color\"><br>\u2022 Toute nouvelle association doit \u00eatre constitu\u00e9e \u00e0 minima de 75 nouveaux abonn\u00e9s. Un nouvel abonn\u00e9 se d\u00e9fini par le fait de ne pas avoir d\u2019abonnement a\u0300 son nom lors de la saison pr\u00e9c\u00e9dant la campagne d\u2019abonnement.<\/p>\n\n\n\n<p class=\"has-text-align-center has-white-color has-text-color\"><br>\u2022 Les clubs de supporters s\u2019engagent a\u0300 favoriser les \u00e9changes et les rencontres avec ceux des autres \u00e9quipes, notamment a\u0300 l\u2019occasion des matchs, en <strong>v\u00e9hiculant une attitude de courtoisie et de fair-play<\/strong> en les accueillant dans les meilleures conditions possibles et en favorisant les rapprochements entre clubs de supporters.<\/p>\n\n\n\n<p class=\"has-text-align-center has-white-color has-text-color\"><br>\u2022 Les clubs de supporters s\u2019engagent, lors de la cr\u00e9ation de leur logo, ou bien d\u2019une modification, a\u0300 en informer le RCT et obtenir son autorisation expresse en cas d\u2019utilisation d\u2019un de ses signes distinctifs.<\/p>\n\n\n\n<p class=\"has-text-align-center has-white-color has-text-color\"><br>\u2022 Le RCT n\u2019autorise pas les associations de supporters a\u0300 vendre ou distribuer gratuitement leurs produits d\u00e9riv\u00e9s a\u0300 des personnes non adh\u00e9rentes desdites associations. Dans le cas ou\u0300 le RCT estime qu\u2019un pr\u00e9judice lui est caus\u00e9 directement ou indirectement en lien avec ces ventes, les parties s\u2019engagent a\u0300 se rencontrer pour envisager la meilleure solution amiable avant tout recours \u00e9ventuel.<\/p>\n\n\n\n<p class=\"has-text-align-center has-white-color has-text-color\"><br>\u2022 Il est rappel\u00e9\u0301 que toutes utilisations des logos, marques, signes distinctifs ou assimil\u00e9s, du RCT demeurent d\u2019utilisation interdites sauf autorisation expresse du Club.<\/p>\n\n\n\n<p class=\"has-text-align-center has-white-color has-text-color\"><br>\u2022 Les clubs de supporters s\u2019engagent par ailleurs a\u0300 adopter la m\u00eame attitude respectueuse entre eux, dans la tradition de convivialit\u00e9\u0301 et d\u2019esprit festif du rugby.<\/p>\n\n\n\n<p class=\"has-text-align-center has-white-color has-text-color\"><br>\u2022 Les clubs de supporters s\u2019engagent a\u0300 ce que les sites internet ne soient pas le relais d\u2019insultes, de propos provocateurs ou haineux. Ils sont responsables des propos tenus par leurs adh\u00e9rents sur les r\u00e9seaux sociaux.<\/p>\n\n\n\n<p class=\"has-text-align-center has-white-color has-text-color\"><br>\u2022 Les clubs de supporters s\u2019engagent a\u0300 travailler en relation avec le RCT et a\u0300 l\u2019informer des diff\u00e9rentes manifestations qu\u2019ils organisent. Par ailleurs, les clubs s\u2019engagent a\u0300 envoyer au moins un de leur repr\u00e9sentant a\u0300 chaque r\u00e9union de supporters organis\u00e9e par le RCT, qui auront lieu en r\u00e8gle g\u00e9n\u00e9rale, une fois par mois, selon les circonstances.<\/p>\n\n\n\n<p class=\"has-text-align-center has-white-color has-text-color\"><br>\u2022 Les clubs de supporters s\u2019engagent, dans le cadre de leurs relations avec le RCT, a\u0300 designer chacun un repr\u00e9sentant, unique r\u00e9f\u00e9rent. Celui-ci peut \u00eatre diff\u00e9rent du pr\u00e9sident de l\u2019association et devra remettre ses coordonn\u00e9es au club avant chaque d\u00e9but de saison.<\/p>\n\n\n\n<p class=\"has-text-align-center has-white-color has-text-color\"><br>\u2022 En plus des sanctions pr\u00e9vues par le Code du sport et le Code p\u00e9nal, les associations de supporters, dont les membres ne respecteraient pas les principes pos\u00e9s par la pr\u00e9sente charte, pourraient alors \u00eatre destitu\u00e9e de leur titre de club de supporters \u00ab officiel \u00bb et l\u2019utilisation des signes distinctifs du RCT lui \u00eatre prohib\u00e9e.<\/p>\n\n\n\n<p class=\"has-text-align-center has-white-color has-text-color\"><br>\u2022 Les clubs de supporters s\u2019engagent lors de la campagne d\u2019abonnement \u00e0 collecter les coordonn\u00e9es des abonn\u00e8s adh\u00e9rents (t\u00e9l\u00e9phone, e-mail, adresse postale et date de naissance) et de les transmettre au club durant la campagne d\u2019abonnement ou a\u0300 l\u2019issue de celle-ci. Les clubs de supporters devront s\u2019assurer de la conformit\u00e9 de ces informations au moins une fois par an. Le RCT ne pourra \u00eatre tenu responsable s\u2019il est en possession de coordonn\u00e9es erron\u00e9es.<\/p>\n\n\n\n<p class=\"has-text-align-center has-white-color has-text-color\">\u2022 Selon les r\u00e9glementations en vigueur concernant la publicit\u00e9\u0301 dans les stades, l\u2019affichage publicitaire est strictement r\u00e9serv\u00e9\u0301 au RCT. Les clubs de supporters seront attentifs a\u0300 ce que leurs banderoles ne masquent pas ces diff\u00e9rents affichages. Les banderoles ne seront pas non plus le relais d\u2019insultes ou de messages offensant a\u0300 l\u2019\u00e9gard de l\u2019adversaire.<\/p>\n\n\n\n<p class=\"has-text-align-center has-white-color has-text-color\"><br>\u2022 La s\u00e9curit\u00e9\u0301 est l&rsquo;affaire de tous et en particulier des clubs de supporters qui doivent \u00eatre ressource pour am\u00e9liorer les conditions de fa\u00e7on optimale dans ce domaine. L&rsquo;enceinte du stade ne doit \u00eatre autoris\u00e9e qu&rsquo;a\u0300 des personnes titulaires des autorisations d&rsquo;acc\u00e8s. La participation des clubs de supporters a\u0300 la pr\u00e9vention de lutte contre la violence dans les stades est d\u00e9terminante afin que le spectacle soit sur le terrain et non pas dans les tribunes.<\/p>\n\n\n\n<p class=\"has-text-align-center has-white-color has-text-color\"><br>\u2022 Les clubs de supporters ont aussi pour mission principale d\u2019animer le stade et d\u2019en faire un lieu de convivialit\u00e9\u0301 et de f\u00eate. Il consent donc a\u0300 consacrer a\u0300 minima 50% de son budget \u00ab reversements abonnements RCT \u00bb per\u00e7us, a\u0300 des actions d\u2019animations dans le stade. Le Rugby Club Toulonnais se laisse la possibilit\u00e9 de pouvoir v\u00e9rifier le respect de cette r\u00e8gle en fin de saison. Les clubs de supporters feront en outre leur maximum pour mettre a\u0300 disposition, les jours des matchs, des adh\u00e9rents pour participer a\u0300 des actions destin\u00e9es a\u0300 cr\u00e9er des animations autour des matchs.<\/p>\n\n\n\n<p class=\"has-text-align-center has-white-color has-text-color\"><br>\u2022 Le Rugby Club Toulonnais se r\u00e9serve le droit de refuser a\u0300 une association l\u2019appellation \u00ab club officiel de supporters \u00bb si le projet associatif ne correspond pas aux attentes du club. Si tel est le cas, le projet devra \u00eatre repens\u00e9.<\/p>\n\n\n\n<p class=\"has-text-align-center has-white-color has-text-color\"><br>\u2022 Les clubs de supporters pourront en accord avec le club et les joueurs concern\u00e9s, parrainer un maximum de 3 membres de l\u2019effectif du RCT (staff ou joueur professionnel) dont un joueur du Centre de Formation ou en contrat espoirs. Le club de supporters pourra communiquer sur ce parrainage dans ses supports de communication et le club relaiera \u00e9galement les parrainages sur son site officiel. Les clubs de supporters s\u2019engagent a\u0300 ne pas contacter directement leurs filleuls lors de sollicitations \u00e9v\u00e8nementielles. Si tel est le cas, le Rugby Club Toulonnais se d\u00e9charge de toutes responsabilit\u00e9s en cas d\u2019absence lors de la dite manifestation.<\/p>\n\n\n\n<p class=\"has-text-align-center has-white-color has-text-color\"><br>Le joueur parrain\u00e9 devra faire ses meilleurs efforts pour r\u00e9pondre pr\u00e9sent lors d\u2019au moins deux manifestations par an organis\u00e9es par le club de supporter dont il est le filleul sous r\u00e9serve de son calendrier sportif et personnel. <\/p>\n\n\n\n<p class=\"has-text-align-center has-white-color has-text-color\"><strong><span style=\"text-decoration: underline;\">LE RUGBY CLUB TOULONNAIS :<\/span><\/strong><\/p>\n\n\n\n<p class=\"has-text-align-center has-white-color has-text-color\"><br>Article 9 : La volont\u00e9\u0301 du RCT a\u0300 travers cette charte, est d\u2019\u00e9tablir de solides relations de confiance et privil\u00e9gi\u00e9es avec les clubs de supporters repr\u00e9sentatifs du club, de la ville de Toulon ainsi que des valeurs fondamentales du rugby. <\/p>\n\n\n\n<p class=\"has-text-align-center has-white-color has-text-color\">Pour ce faire :<br>\u2022 Le RCT d\u00e9cernera a\u0300 chaque club signataire l\u2019appellation de \u00ab club de supporters officiel du RCT \u00bb, et fournira dans ce cadre un logo que le club de supporters pourra utiliser dans ses supports de communication.<\/p>\n\n\n\n<p class=\"has-text-align-center has-white-color has-text-color\"><br>\u2022 Le RCT s\u2019engage a\u0300 avoir une attitude loyale envers les clubs officiels de supporters du RCT.<\/p>\n\n\n\n<p class=\"has-text-align-center has-white-color has-text-color\"><br>\u2022 Le RCT pourrait, de plus, autoriser les clubs de supporters signataires de la pr\u00e9sente charte a\u0300 utiliser les signes distinctifs du Club sportif dans un cadre d\u00e9fini, s\u2019ils en font la demande et uniquement apr\u00e8s autorisation expresse du RCT. Il est entendu que le RCT se r\u00e9serve la possibilit\u00e9\u0301 de refuser une telle demande ou d\u2019en retirer l\u2019autorisation. <\/p>\n\n\n\n<p class=\"has-text-align-center has-white-color has-text-color\">\u2022 Seuls les clubs de supporters signataires de cette charte auront la possibilit\u00e9\u0301 de b\u00e9n\u00e9ficier de bulletins d\u2019abonnements a\u0300 destination de leurs membres. Le RCT s\u2019engage dans ce cas a\u0300 reverser la r\u00e9trocession au plus tard le 31\/12 de la saison concern\u00e9e (sur les sommes encaiss\u00e9es a\u0300 cette date).<br>La r\u00e9trocession correspond \u00e0 2,5% du montant hors taxes encaiss\u00e9.<\/p>\n\n\n\n<p class=\"has-text-align-center has-white-color has-text-color\"><br>\u2022 Le RCT fera son maximum pour apporter aux clubs de supporters un soutien (billetterie\u2026) pour l\u2019organisation de d\u00e9placements importants (phases finales, \u2026).<\/p>\n\n\n\n<p class=\"has-text-align-center has-white-color has-text-color\"><br>\u2022 Le RCT permet a\u0300\u0300 chaque association de supporters signataire la possibilit\u00e9\u0301 de passer commande de billets pour les matchs a\u0300 domicile. Le club y r\u00e9pondra de mani\u00e8re favorable dans la mesure des places disponibles.<\/p>\n\n\n\n<p class=\"has-text-align-center has-white-color has-text-color\"><br>\u2022 Les clubs de supporters signataires auront une priorit\u00e9\u0301 sur la r\u00e9servation de billets en cas de matchs d\u00e9localis\u00e9s ainsi que pour la billetterie des phases finales du TOP 14, dans la mesure des possibilit\u00e9s du RCT.<\/p>\n\n\n\n<p class=\"has-text-align-center has-white-color has-text-color\"><br>\u2022 Le RCT s\u2019engage, dans la mesure du possible et des disponibilit\u00e9s, au moins une fois par saison et sur sollicitation des clubs de supporters, a\u0300 envoyer un repr\u00e9sentant du club lors de manifestations cons\u00e9quentes organis\u00e9es par lesdites associations ; Les clubs de supporters devront pr\u00e9venir le RCT au moins un mois avant la date de la manifestation.<\/p>\n\n\n\n<p class=\"has-text-align-center has-white-color has-text-color\"><br>\u2022 Le RCT s\u2019engage a\u0300 informer a\u0300 l\u2019avance les associations avant le lancement de manifestations communes (bodega, abonnements, etc.\u2026) ;<\/p>\n\n\n\n<p class=\"has-text-align-center has-white-color has-text-color\"><br>\u2022 Le RCT d\u00e9signera a\u0300 chaque d\u00e9but de saison, un r\u00e9f\u00e9rent charg\u00e9 des relations entre le RCT et les clubs de supporters signataires. Son nom et ses coordonn\u00e9es seront communiqu\u00e9es lors de la r\u00e9union de d\u00e9but de saison.<\/p>\n\n\n\n<p class=\"has-text-align-center has-white-color has-text-color\"><br>\u2022 Le RCT s\u2019engage a\u0300 mettre a\u0300 disposition, a\u0300 titre gracieux, une fois par an et par club, une salle du Campus. Le r\u00e8glement int\u00e9rieur et les r\u00e8gles de mise \u00e0 disposition devront \u00eatre respect\u00e9s par les clubs de supporters (documents en pi\u00e8ce-jointe). Les clubs de supporters sont responsables du comportement de leurs adh\u00e9rents sur le Campus. Toutes demandes suppl\u00e9mentaires sera soumise a facturation d\u2019un montant de 500\u20ac (cinq cents euros) hors-taxe.<\/p>\n","protected":false},"excerpt":{"rendered":"<p>CHARTE D\u2019E\u0301THIQUE ET DE CONVIVIALITE\u0301DES CLUBS OFFICIELS DE SUPPORTERSDU RUGBY CLUB TOULONNAIS SAISON 2025-2026 PRE\u0301AMBULE : Notre sport v\u00e9hicule depuis toujours des valeurs fortes qui lui sont propres. Certaines d&rsquo;entre elles sont inh\u00e9rentes a\u0300 la sp\u00e9cificit\u00e9\u0301 de la pratique de notre sport qui implique un go\u00fbt du sacrifice, des vertus collectives et le respect de [&hellip;]<\/p>\n","protected":false},"author":1,"featured_media":0,"parent":0,"menu_order":0,"comment_status":"closed","ping_status":"closed","template":"","meta":{"content-type":"","_monsterinsights_skip_tracking":false,"_monsterinsights_sitenote_active":false,"_monsterinsights_sitenote_note":"","_monsterinsights_sitenote_category":0,"footnotes":""},"class_list":["post-1647","page","type-page","status-publish","hentry"],"jetpack_sharing_enabled":true,"_links":{"self":[{"href":"https:\/\/lescorsairesdelarade.com\/index.php?rest_route=\/wp\/v2\/pages\/1647","targetHints":{"allow":["GET"]}}],"collection":[{"href":"https:\/\/lescorsairesdelarade.com\/index.php?rest_route=\/wp\/v2\/pages"}],"about":[{"href":"https:\/\/lescorsairesdelarade.com\/index.php?rest_route=\/wp\/v2\/types\/page"}],"author":[{"embeddable":true,"href":"https:\/\/lescorsairesdelarade.com\/index.php?rest_route=\/wp\/v2\/users\/1"}],"replies":[{"embeddable":true,"href":"https:\/\/lescorsairesdelarade.com\/index.php?rest_route=%2Fwp%2Fv2%2Fcomments&post=1647"}],"version-history":[{"count":42,"href":"https:\/\/lescorsairesdelarade.com\/index.php?rest_route=\/wp\/v2\/pages\/1647\/revisions"}],"predecessor-version":[{"id":4598,"href":"https:\/\/lescorsairesdelarade.com\/index.php?rest_route=\/wp\/v2\/pages\/1647\/revisions\/4598"}],"wp:attachment":[{"href":"https:\/\/lescorsairesdelarade.com\/index.php?rest_route=%2Fwp%2Fv2%2Fmedia&parent=1647"}],"curies":[{"name":"wp","href":"https:\/\/api.w.org\/{rel}","templated":true}]}}