{"id":1262,"date":"2022-07-24T19:42:45","date_gmt":"2022-07-24T19:42:45","guid":{"rendered":"http:\/\/lescorsairesdelarade.com\/?page_id=1262"},"modified":"2026-02-09T16:16:56","modified_gmt":"2026-02-09T16:16:56","slug":"accueil","status":"publish","type":"page","link":"https:\/\/lescorsairesdelarade.com\/","title":{"rendered":"Accueil"},"content":{"rendered":"\n<h1 class=\"wp-block-heading has-text-align-center has-white-color has-black-background-color has-text-color has-background\" style=\"font-size:28px;font-style:normal;font-weight:800\">BIENVENUE<\/h1>\n\n\n\n<p><\/p>\n\n\n\n<p><\/p>\n\n\n\n<p><\/p>\n\n\n<div class=\"wp-block-image is-resized\">\n<figure class=\"aligncenter size-large\"><img loading=\"lazy\" decoding=\"async\" width=\"1024\" height=\"836\" src=\"https:\/\/lescorsairesdelarade.com\/wp-content\/uploads\/2022\/07\/LES-CORSAIRES-DE-LA-RADE-1024x836.png\" alt=\"\" class=\"wp-image-1231\" style=\"width:355px;height:auto\" srcset=\"https:\/\/lescorsairesdelarade.com\/wp-content\/uploads\/2022\/07\/LES-CORSAIRES-DE-LA-RADE-1024x836.png 1024w, https:\/\/lescorsairesdelarade.com\/wp-content\/uploads\/2022\/07\/LES-CORSAIRES-DE-LA-RADE-600x490.png 600w, https:\/\/lescorsairesdelarade.com\/wp-content\/uploads\/2022\/07\/LES-CORSAIRES-DE-LA-RADE-300x245.png 300w, https:\/\/lescorsairesdelarade.com\/wp-content\/uploads\/2022\/07\/LES-CORSAIRES-DE-LA-RADE-768x627.png 768w, https:\/\/lescorsairesdelarade.com\/wp-content\/uploads\/2022\/07\/LES-CORSAIRES-DE-LA-RADE-1536x1253.png 1536w, https:\/\/lescorsairesdelarade.com\/wp-content\/uploads\/2022\/07\/LES-CORSAIRES-DE-LA-RADE-2048x1671.png 2048w\" sizes=\"auto, (max-width: 1024px) 100vw, 1024px\" \/><\/figure>\n<\/div>\n\n\n<p><\/p>\n\n\n\n<h2 class=\"wp-block-heading has-text-align-center has-white-color has-text-color\" style=\"font-size:28px;font-style:normal;font-weight:800\">Plus qu&rsquo;une famille !<\/h2>\n\n\n\n<p class=\"has-text-align-center has-white-color has-text-color\">Apr\u00e8s le fameux doubl\u00e9 Championnat-Coupe d&rsquo;Europe, un petit groupe de copains a eu la bonne id\u00e9ee de fonder une association de supporters un jour de juin 2014.<\/p>\n\n\n\n<p class=\"has-text-align-center has-white-color has-text-color\">Ils avaient ce projet en t\u00eate depuis un petit moment, pouvoir : proposer une nouvelle association afin d&rsquo;offrir une alternative aux personnes recherchant un nouveau groupe de supporters souhaitant animer les tribunes du Stade F\u00e9lix Mayol.<\/p>\n\n\n\n<p class=\"has-text-align-center has-white-color has-text-color\">C&rsquo;est ainsi que les Corsaires de La Rade sont n\u00e9s pour d\u00e9fendre le muguet dans toute la France et l&rsquo;Europe ! \u200b \u200b<\/p>\n\n\n\n<p class=\"has-text-align-center has-white-color has-text-color\">Une \u00e9vidence, celle de supporter le club d\u2019abord mais aussi de partager des moments en dehors des matchs de rugby.&nbsp;<br>De cr\u00e9er une ambiance de fraternit\u00e9, de rencontre entre passionn\u00e9s du ballon ovale. <\/p>\n\n\n\n<p class=\"has-text-align-center has-white-color has-text-color\">Ce groupe de copains, supporters du Rugby Club Toulonnais, et ayant envie de vivre leur passion commune d\u2019une mani\u00e8re diff\u00e9rente d\u00e9cident de se lancer pour une belle histoire !<\/p>\n\n\n\n<p class=\"has-text-align-center has-white-color has-text-color\">Les Corsaires de La Rade = l&rsquo;esprit vaillant et conqu\u00e9rant, repr\u00e9sentant l\u2019\u00e9tat d\u2019esprit de l\u2019association.\u200b<\/p>\n\n\n\n<p class=\"has-text-align-center has-white-color has-text-color\">\u00c0 ce jour, l&rsquo;association regroupe plus de 100 d&rsquo;adh\u00e9rants dont une grande majorit\u00e9 d&rsquo;abonn\u00e9s.<\/p>\n\n\n\n<div class=\"wp-block-group\"><div class=\"wp-block-group__inner-container is-layout-constrained wp-block-group-is-layout-constrained\"><\/div><\/div>\n\n\n\n<hr class=\"wp-block-separator has-alpha-channel-opacity\"\/>\n\n\n\n<hr class=\"wp-block-separator has-alpha-channel-opacity\"\/>\n\n\n\n<h2 class=\"wp-block-heading has-text-align-center has-white-color has-black-background-color has-text-color has-background\" style=\"font-size:28px;font-style:normal;font-weight:800\">COMPOSITION DU BUREAU<\/h2>\n\n\n\n<p class=\"has-white-color has-text-color has-link-color wp-elements-04e142754399435798900a94473659b8\"><span style=\"text-decoration: underline;\"><strong>Pr\u00e9sident :<\/strong><\/span> M. DEMULIER Fabrice<\/p>\n\n\n\n<p class=\"has-white-color has-text-color has-link-color wp-elements-362c78979c48d62493124975b14cad7f\"><span style=\"text-decoration: underline;\"><strong>Vice-Pr\u00e9sident :<\/strong><\/span> M. SZASZ-DEMULIER Erwan<\/p>\n\n\n\n<p class=\"has-white-color has-text-color has-link-color wp-elements-d74516d511710ef6381bcc90fb5ab11a\"><strong><span style=\"text-decoration: underline;\">Secr\u00e9taire \/ Tr\u00e9sori\u00e8re :<\/span><\/strong> Mme SZASZ Marie-Jos\u00e9<\/p>\n\n\n\n<p class=\"has-white-color has-text-color has-link-color wp-elements-a777e5d3e249e5c5cd23b0976b429ada\"><strong><span style=\"text-decoration: underline;\">Commission boutique :<\/span><\/strong> Mme ROUX Am\u00e9lie<\/p>\n\n\n\n<p class=\"has-white-color has-text-color has-link-color wp-elements-aa52c42205cd38a87aadcb4c20abc3eb\"><span style=\"text-decoration: underline;\"><strong>Commission <\/strong><\/span><strong><span style=\"text-decoration: underline;\">r\u00e9seaux sociaux et relations supporters :<\/span><\/strong> M. LIGNON Nicolas<\/p>\n\n\n\n<p class=\"has-white-color has-text-color has-link-color wp-elements-2833a984ea5a5baf28df75de11a78166\"><span style=\"text-decoration: underline;\"><strong>Commission animation :<\/strong><\/span> M. BARAT Fabrice &amp; M. SZASZ-DEMULIER Erwan<\/p>\n\n\n\n<p class=\"has-white-color has-text-color has-link-color wp-elements-e659f6531c5dd738b7b09dbe2d15185c\"><strong><span style=\"text-decoration: underline;\">Lieux de vie :<\/span><\/strong> Le B Des Cochons &#8211; 503, Avenue de la R\u00e9publique &#8211; 83000 Toulon (avant-match) \/ Comptoir du XV &#8211; 9, Rue Dutasta &#8211; 83000 Toulon (apr\u00e8s-match)<\/p>\n\n\n\n<p class=\"has-white-color has-text-color has-link-color wp-elements-024bd83c054cec1b1734e908d641e828\"><strong><span style=\"text-decoration: underline;\">Contact association :<\/span><\/strong> 06.58.48.42.37<\/p>\n","protected":false},"excerpt":{"rendered":"<p>BIENVENUE Plus qu&rsquo;une famille ! Apr\u00e8s le fameux doubl\u00e9 Championnat-Coupe d&rsquo;Europe, un petit groupe de copains a eu la bonne id\u00e9ee de fonder une association de supporters un jour de juin 2014. Ils avaient ce projet en t\u00eate depuis un petit moment, pouvoir : proposer une nouvelle association afin d&rsquo;offrir une alternative aux personnes recherchant [&hellip;]<\/p>\n","protected":false},"author":1,"featured_media":0,"parent":0,"menu_order":0,"comment_status":"closed","ping_status":"closed","template":"","meta":{"content-type":"","_monsterinsights_skip_tracking":false,"_monsterinsights_sitenote_active":false,"_monsterinsights_sitenote_note":"","_monsterinsights_sitenote_category":0,"footnotes":""},"class_list":["post-1262","page","type-page","status-publish","hentry"],"jetpack_sharing_enabled":true,"_links":{"self":[{"href":"https:\/\/lescorsairesdelarade.com\/index.php?rest_route=\/wp\/v2\/pages\/1262","targetHints":{"allow":["GET"]}}],"collection":[{"href":"https:\/\/lescorsairesdelarade.com\/index.php?rest_route=\/wp\/v2\/pages"}],"about":[{"href":"https:\/\/lescorsairesdelarade.com\/index.php?rest_route=\/wp\/v2\/types\/page"}],"author":[{"embeddable":true,"href":"https:\/\/lescorsairesdelarade.com\/index.php?rest_route=\/wp\/v2\/users\/1"}],"replies":[{"embeddable":true,"href":"https:\/\/lescorsairesdelarade.com\/index.php?rest_route=%2Fwp%2Fv2%2Fcomments&post=1262"}],"version-history":[{"count":112,"href":"https:\/\/lescorsairesdelarade.com\/index.php?rest_route=\/wp\/v2\/pages\/1262\/revisions"}],"predecessor-version":[{"id":5083,"href":"https:\/\/lescorsairesdelarade.com\/index.php?rest_route=\/wp\/v2\/pages\/1262\/revisions\/5083"}],"wp:attachment":[{"href":"https:\/\/lescorsairesdelarade.com\/index.php?rest_route=%2Fwp%2Fv2%2Fmedia&parent=1262"}],"curies":[{"name":"wp","href":"https:\/\/api.w.org\/{rel}","templated":true}]}}