{"id":1244,"date":"2022-07-24T17:40:14","date_gmt":"2022-07-24T17:40:14","guid":{"rendered":"http:\/\/lescorsairesdelarade.com\/?page_id=1244"},"modified":"2024-08-23T11:34:40","modified_gmt":"2024-08-23T11:34:40","slug":"informations","status":"publish","type":"page","link":"https:\/\/lescorsairesdelarade.com\/?page_id=1244","title":{"rendered":"Informations"},"content":{"rendered":"\n<h2 class=\"wp-block-heading has-text-align-center has-white-color has-black-background-color has-text-color has-background has-large-font-size\" style=\"font-style:normal;font-weight:800\">D\u00c9PLACEMENTS<\/h2>\n\n\n\n<p class=\"has-text-align-center has-white-color has-text-color\"><\/p>\n\n\n\n<hr class=\"wp-block-separator has-alpha-channel-opacity\"\/>\n\n\n\n<hr class=\"wp-block-separator has-alpha-channel-opacity\"\/>\n\n\n\n<h2 class=\"wp-block-heading has-text-align-center has-white-color has-black-background-color has-text-color has-background has-large-font-size\" style=\"font-style:normal;font-weight:800\">TOMBOLA<\/h2>\n\n\n\n<hr class=\"wp-block-separator has-alpha-channel-opacity\"\/>\n\n\n\n<h2 class=\"wp-block-heading has-text-align-center has-white-color has-black-background-color has-text-color has-background has-large-font-size\" style=\"font-style:normal;font-weight:800\">PARTENARIAT &#8211; SOLIDARIT\u00c9<\/h2>\n\n\n\n<hr class=\"wp-block-separator has-alpha-channel-opacity\"\/>\n\n\n\n<h2 class=\"wp-block-heading has-text-align-center has-white-color has-black-background-color has-text-color has-background has-large-font-size\" style=\"font-style:normal;font-weight:800\">REPAS &#8211; CONVIVIALIT\u00c9<\/h2>\n\n\n\n<hr class=\"wp-block-separator has-alpha-channel-opacity\"\/>\n\n\n\n<p><\/p>\n\n\n\n<p class=\"has-text-align-center has-white-color has-text-color has-link-color wp-elements-13ccf5b4b6c29c9d17d121846c1a0522\"><\/p>\n","protected":false},"excerpt":{"rendered":"<p>D\u00c9PLACEMENTS TOMBOLA PARTENARIAT &#8211; SOLIDARIT\u00c9 REPAS &#8211; CONVIVIALIT\u00c9<\/p>\n","protected":false},"author":1,"featured_media":0,"parent":0,"menu_order":0,"comment_status":"closed","ping_status":"closed","template":"","meta":{"content-type":"","_monsterinsights_skip_tracking":false,"_monsterinsights_sitenote_active":false,"_monsterinsights_sitenote_note":"","_monsterinsights_sitenote_category":0,"footnotes":""},"class_list":["post-1244","page","type-page","status-publish","hentry"],"jetpack_sharing_enabled":true,"_links":{"self":[{"href":"https:\/\/lescorsairesdelarade.com\/index.php?rest_route=\/wp\/v2\/pages\/1244","targetHints":{"allow":["GET"]}}],"collection":[{"href":"https:\/\/lescorsairesdelarade.com\/index.php?rest_route=\/wp\/v2\/pages"}],"about":[{"href":"https:\/\/lescorsairesdelarade.com\/index.php?rest_route=\/wp\/v2\/types\/page"}],"author":[{"embeddable":true,"href":"https:\/\/lescorsairesdelarade.com\/index.php?rest_route=\/wp\/v2\/users\/1"}],"replies":[{"embeddable":true,"href":"https:\/\/lescorsairesdelarade.com\/index.php?rest_route=%2Fwp%2Fv2%2Fcomments&post=1244"}],"version-history":[{"count":29,"href":"https:\/\/lescorsairesdelarade.com\/index.php?rest_route=\/wp\/v2\/pages\/1244\/revisions"}],"predecessor-version":[{"id":3958,"href":"https:\/\/lescorsairesdelarade.com\/index.php?rest_route=\/wp\/v2\/pages\/1244\/revisions\/3958"}],"wp:attachment":[{"href":"https:\/\/lescorsairesdelarade.com\/index.php?rest_route=%2Fwp%2Fv2%2Fmedia&parent=1244"}],"curies":[{"name":"wp","href":"https:\/\/api.w.org\/{rel}","templated":true}]}}